{"id":1518,"date":"2018-02-21T20:45:32","date_gmt":"2018-02-21T20:45:32","guid":{"rendered":"http:\/\/envasadorasycentrifugas.com\/inicio\/?page_id=1518"},"modified":"2018-04-12T19:40:12","modified_gmt":"2018-04-12T19:40:12","slug":"descargador-de-azucar-maximo","status":"publish","type":"page","link":"https:\/\/envasadorasycentrifugas.com\/inicio\/nuestros-desarrollos\/descargador-de-azucar-maximo\/","title":{"rendered":"Descargador de Azucar &#8220;MAXIMO&#8221;  para Centrifugas Discontinuas"},"content":{"rendered":"<p><b>MATERIALES DE CONSTRUCCI\u00d3N<\/b><\/p>\n<p><b>1 &#8211; <\/b><u><b>Piezas mec\u00e1nicas<\/b><\/u><b>\u00a0\u00a0\u00a0\u00a0\u00a0\u00a0\u00a0\u00a0\u00a0\u00a0 <\/b>Acero inoxidable 304<\/p>\n<p><b>2 &#8211; <\/b><u><b>Pala de raspado<\/b><\/u><b>\u00a0\u00a0\u00a0\u00a0\u00a0\u00a0\u00a0\u00a0\u00a0\u00a0\u00a0 <\/b>PROLON de alta resistencia<\/p>\n<p>Cuchilla 32\u2033 ( largo)<\/p>\n<p>Doble filo e intercambiable.<\/p>\n<p><strong>Ventajas del descargador \u201cMAXIMO\u201d<\/strong><\/p>\n<ul>\n<li>Mayor rendimiento debido a la reducci\u00f3n en tiempo <u>1,35 min <\/u>en el ciclo completo de la maquina por su pala de raspado de 32\u2033 (largo).<\/li>\n<li>El Proceso de fabricaci\u00f3n del az\u00facar, centrifugado y descarga es m\u00e1s limpio gracias al acero inoxidable 304 utilizado en su construcci\u00f3n.<\/li>\n<li>Se obtiene un equipo de muy m\u00ednima atenci\u00f3n por parte de mec\u00e1nicos y operarios,\u00a0 teniendo en cuenta una buena atenci\u00f3n a la <u>lubricaci\u00f3n<\/u> como un factor muy importante para su mantenimiento, el <u>tipo de grasa <\/u>a utilizar y su cumplimiento con la normatividad vigente para\u00a0 su uso en \u00e1reas de producci\u00f3n alimenticia.<\/li>\n<li>MAXIMO es un descargador con las seguridades mec\u00e1nicas y de operaci\u00f3n que evitan da\u00f1os por ca\u00edda al faltar el aire y un ingreso no deseado de su pala de raspado por fallas en el control neum\u00e1tico; dotado con <u>topes mec\u00e1nicos <\/u>y <u>sensor electr\u00f3nico <\/u>que confirma la posici\u00f3n adecuada para ingreso del brazo de raspado.<\/li>\n<li>\u00a0El Prolon , \u00a0material que pese a su gran dureza raspa las mallas sin <u>producirles un desgaste notable ,\u00a0 <\/u>ya que es un material auto lubricado en contraste a las palas met\u00e1licas\u00a0 que rayan las mallas y paulatinamente las van rompiendo.\n<ul>\n<li>Al raspar bien las mallas se recupera todo el az\u00facar procesado<\/li>\n<li>Se reduce en alto porcentaje las paradas de las maquinas por roturas de mallas.<\/li>\n<\/ul>\n<\/li>\n<li>\u00a0Cilindros neum\u00e1ticos\u00a0 normalizados los cuales hacen el desplazamiento de las\u00a0 piezas m\u00f3viles.Seguro mec\u00e1nico y electr\u00f3nico\u00a0 para evitar ingresos no deseados de la pala de raspado en velocidad alta.Sensores inductivos para implementar seguridades en el programa del PLC.Implementaci\u00f3n en plc seguridad de descarga solo con ingreso del descargador\u00a0\u00a0 en velocidad 50-60 rpm.<\/li>\n<\/ul>\n<p>&nbsp;<\/p>\n<p><iframe loading=\"lazy\" src=\"https:\/\/www.youtube.com\/watch?v=aeo1TZZt38E\" width=\"560\" height=\"315\" frameborder=\"0\" allowfullscreen=\"allowfullscreen\"><\/iframe><\/p>\n<p>&nbsp;<\/p>\n<div id='gallery-1' class='gallery galleryid-1518 gallery-columns-3 gallery-size-medium'><figure class='gallery-item'>\n\t\t\t<div class='gallery-icon portrait'>\n\t\t\t\t<a href='https:\/\/envasadorasycentrifugas.com\/inicio\/wp-content\/uploads\/2018\/03\/WhatsApp-Image-2018-03-10-at-9.03.37-AM-1.jpeg'><img loading=\"lazy\" decoding=\"async\" width=\"169\" height=\"300\" src=\"https:\/\/envasadorasycentrifugas.com\/inicio\/wp-content\/uploads\/2018\/03\/WhatsApp-Image-2018-03-10-at-9.03.37-AM-1-169x300.jpeg\" class=\"attachment-medium size-medium\" alt=\"\" srcset=\"https:\/\/envasadorasycentrifugas.com\/inicio\/wp-content\/uploads\/2018\/03\/WhatsApp-Image-2018-03-10-at-9.03.37-AM-1-169x300.jpeg 169w, https:\/\/envasadorasycentrifugas.com\/inicio\/wp-content\/uploads\/2018\/03\/WhatsApp-Image-2018-03-10-at-9.03.37-AM-1-577x1024.jpeg 577w, https:\/\/envasadorasycentrifugas.com\/inicio\/wp-content\/uploads\/2018\/03\/WhatsApp-Image-2018-03-10-at-9.03.37-AM-1-304x540.jpeg 304w, https:\/\/envasadorasycentrifugas.com\/inicio\/wp-content\/uploads\/2018\/03\/WhatsApp-Image-2018-03-10-at-9.03.37-AM-1-600x1065.jpeg 600w, https:\/\/envasadorasycentrifugas.com\/inicio\/wp-content\/uploads\/2018\/03\/WhatsApp-Image-2018-03-10-at-9.03.37-AM-1.jpeg 721w\" sizes=\"auto, (max-width: 169px) 100vw, 169px\" \/><\/a>\n\t\t\t<\/div><\/figure><figure class='gallery-item'>\n\t\t\t<div class='gallery-icon portrait'>\n\t\t\t\t<a href='https:\/\/envasadorasycentrifugas.com\/inicio\/wp-content\/uploads\/2018\/03\/WhatsApp-Image-2018-03-10-at-9.03.37-AM.jpeg'><img loading=\"lazy\" decoding=\"async\" width=\"169\" height=\"300\" src=\"https:\/\/envasadorasycentrifugas.com\/inicio\/wp-content\/uploads\/2018\/03\/WhatsApp-Image-2018-03-10-at-9.03.37-AM-169x300.jpeg\" class=\"attachment-medium size-medium\" alt=\"\" srcset=\"https:\/\/envasadorasycentrifugas.com\/inicio\/wp-content\/uploads\/2018\/03\/WhatsApp-Image-2018-03-10-at-9.03.37-AM-169x300.jpeg 169w, https:\/\/envasadorasycentrifugas.com\/inicio\/wp-content\/uploads\/2018\/03\/WhatsApp-Image-2018-03-10-at-9.03.37-AM-577x1024.jpeg 577w, https:\/\/envasadorasycentrifugas.com\/inicio\/wp-content\/uploads\/2018\/03\/WhatsApp-Image-2018-03-10-at-9.03.37-AM-304x540.jpeg 304w, https:\/\/envasadorasycentrifugas.com\/inicio\/wp-content\/uploads\/2018\/03\/WhatsApp-Image-2018-03-10-at-9.03.37-AM-600x1065.jpeg 600w, https:\/\/envasadorasycentrifugas.com\/inicio\/wp-content\/uploads\/2018\/03\/WhatsApp-Image-2018-03-10-at-9.03.37-AM.jpeg 721w\" sizes=\"auto, (max-width: 169px) 100vw, 169px\" \/><\/a>\n\t\t\t<\/div><\/figure>\n\t\t<\/div>\n\n","protected":false},"excerpt":{"rendered":"<p>MATERIALES DE CONSTRUCCI\u00d3N 1 &#8211; Piezas mec\u00e1nicas\u00a0\u00a0\u00a0\u00a0\u00a0\u00a0\u00a0\u00a0\u00a0\u00a0 Acero inoxidable 304 2 &#8211; Pala de raspado\u00a0\u00a0\u00a0\u00a0\u00a0\u00a0\u00a0\u00a0\u00a0\u00a0\u00a0 PROLON de alta resistencia Cuchilla 32\u2033 ( largo) Doble filo e intercambiable. Ventajas del descargador \u201cMAXIMO\u201d Mayor rendimiento debido a la reducci\u00f3n en tiempo 1,35 min en el ciclo completo de la maquina por su pala de raspado de 32\u2033 &hellip;<\/p>\n","protected":false},"author":1,"featured_media":1519,"parent":1515,"menu_order":0,"comment_status":"closed","ping_status":"closed","template":"","meta":{"footnotes":""},"class_list":["post-1518","page","type-page","status-publish","has-post-thumbnail","hentry"],"_links":{"self":[{"href":"https:\/\/envasadorasycentrifugas.com\/inicio\/wp-json\/wp\/v2\/pages\/1518","targetHints":{"allow":["GET"]}}],"collection":[{"href":"https:\/\/envasadorasycentrifugas.com\/inicio\/wp-json\/wp\/v2\/pages"}],"about":[{"href":"https:\/\/envasadorasycentrifugas.com\/inicio\/wp-json\/wp\/v2\/types\/page"}],"author":[{"embeddable":true,"href":"https:\/\/envasadorasycentrifugas.com\/inicio\/wp-json\/wp\/v2\/users\/1"}],"replies":[{"embeddable":true,"href":"https:\/\/envasadorasycentrifugas.com\/inicio\/wp-json\/wp\/v2\/comments?post=1518"}],"version-history":[{"count":14,"href":"https:\/\/envasadorasycentrifugas.com\/inicio\/wp-json\/wp\/v2\/pages\/1518\/revisions"}],"predecessor-version":[{"id":1800,"href":"https:\/\/envasadorasycentrifugas.com\/inicio\/wp-json\/wp\/v2\/pages\/1518\/revisions\/1800"}],"up":[{"embeddable":true,"href":"https:\/\/envasadorasycentrifugas.com\/inicio\/wp-json\/wp\/v2\/pages\/1515"}],"wp:featuredmedia":[{"embeddable":true,"href":"https:\/\/envasadorasycentrifugas.com\/inicio\/wp-json\/wp\/v2\/media\/1519"}],"wp:attachment":[{"href":"https:\/\/envasadorasycentrifugas.com\/inicio\/wp-json\/wp\/v2\/media?parent=1518"}],"curies":[{"name":"wp","href":"https:\/\/api.w.org\/{rel}","templated":true}]}}