{"id":1821,"date":"2018-05-10T20:29:27","date_gmt":"2018-05-10T20:29:27","guid":{"rendered":"https:\/\/envasadorasycentrifugas.com\/inicio\/?page_id=1821"},"modified":"2018-05-10T21:05:57","modified_gmt":"2018-05-10T21:05:57","slug":"1821-2","status":"publish","type":"page","link":"https:\/\/envasadorasycentrifugas.com\/inicio\/1821-2\/","title":{"rendered":"Instrumentaci\u00f3n"},"content":{"rendered":"<p>Suministro y montaje de partes de instrumentaci\u00f3n y neum\u00e1tica.<\/p>\n<p><img loading=\"lazy\" decoding=\"async\" class=\"alignnone wp-image-1823\" src=\"https:\/\/envasadorasycentrifugas.com\/inicio\/wp-content\/uploads\/2018\/05\/sdsds-300x225.jpg\" alt=\"\" width=\"400\" height=\"300\" srcset=\"https:\/\/envasadorasycentrifugas.com\/inicio\/wp-content\/uploads\/2018\/05\/sdsds-300x225.jpg 300w, https:\/\/envasadorasycentrifugas.com\/inicio\/wp-content\/uploads\/2018\/05\/sdsds-768x576.jpg 768w, https:\/\/envasadorasycentrifugas.com\/inicio\/wp-content\/uploads\/2018\/05\/sdsds-540x405.jpg 540w, https:\/\/envasadorasycentrifugas.com\/inicio\/wp-content\/uploads\/2018\/05\/sdsds-600x450.jpg 600w, https:\/\/envasadorasycentrifugas.com\/inicio\/wp-content\/uploads\/2018\/05\/sdsds.jpg 800w\" sizes=\"auto, (max-width: 400px) 100vw, 400px\" \/><\/p>\n<p><img loading=\"lazy\" decoding=\"async\" class=\" wp-image-1822 alignnone\" src=\"https:\/\/envasadorasycentrifugas.com\/inicio\/wp-content\/uploads\/2018\/05\/hgjhg-300x300.jpg\" alt=\"\" width=\"400\" height=\"400\" srcset=\"https:\/\/envasadorasycentrifugas.com\/inicio\/wp-content\/uploads\/2018\/05\/hgjhg-300x300.jpg 300w, https:\/\/envasadorasycentrifugas.com\/inicio\/wp-content\/uploads\/2018\/05\/hgjhg-150x150.jpg 150w, https:\/\/envasadorasycentrifugas.com\/inicio\/wp-content\/uploads\/2018\/05\/hgjhg-540x540.jpg 540w, https:\/\/envasadorasycentrifugas.com\/inicio\/wp-content\/uploads\/2018\/05\/hgjhg.jpg 600w\" sizes=\"auto, (max-width: 400px) 100vw, 400px\" \/><\/p>\n<p><strong>LO INVITAMOS A LLENAR EL FORMULARIO CON SU SOLICITUD Y ENVIARLO<\/strong><\/p>\n<p>&nbsp;<\/p>\n\n<div class=\"wpcf7 no-js\" id=\"wpcf7-f13-o1\" lang=\"en-US\" dir=\"ltr\">\n<div class=\"screen-reader-response\"><p role=\"status\" aria-live=\"polite\" aria-atomic=\"true\"><\/p> <ul><\/ul><\/div>\n<form action=\"\/inicio\/wp-json\/wp\/v2\/pages\/1821#wpcf7-f13-o1\" method=\"post\" class=\"wpcf7-form init\" aria-label=\"Contact form\" novalidate=\"novalidate\" data-status=\"init\">\n<div style=\"display: none;\">\n<input type=\"hidden\" name=\"_wpcf7\" value=\"13\" \/>\n<input type=\"hidden\" name=\"_wpcf7_version\" value=\"5.7.7\" \/>\n<input type=\"hidden\" name=\"_wpcf7_locale\" value=\"en_US\" \/>\n<input type=\"hidden\" name=\"_wpcf7_unit_tag\" value=\"wpcf7-f13-o1\" \/>\n<input type=\"hidden\" name=\"_wpcf7_container_post\" value=\"0\" \/>\n<input type=\"hidden\" name=\"_wpcf7_posted_data_hash\" value=\"\" \/>\n<input type=\"hidden\" name=\"_wpcf7_recaptcha_response\" value=\"\" \/>\n<\/div>\n<div class=\"row\">\n\t<div class=\"col-xs-12  col-lg-5\">\n\t\t<p><span class=\"wpcf7-form-control-wrap\" data-name=\"your-name\"><input size=\"40\" class=\"wpcf7-form-control wpcf7-text wpcf7-validates-as-required form-control\" aria-required=\"true\" aria-invalid=\"false\" placeholder=\"Su Nombre\" value=\"\" type=\"text\" name=\"your-name\" \/><\/span><br \/>\n<span class=\"wpcf7-form-control-wrap\" data-name=\"your-email\"><input size=\"40\" class=\"wpcf7-form-control wpcf7-text wpcf7-email wpcf7-validates-as-required wpcf7-validates-as-email form-control\" aria-required=\"true\" aria-invalid=\"false\" placeholder=\"Su Correo\" value=\"\" type=\"email\" name=\"your-email\" \/><\/span><br \/>\n<span class=\"wpcf7-form-control-wrap\" data-name=\"your-subject\"><input size=\"40\" class=\"wpcf7-form-control wpcf7-text form-control\" aria-invalid=\"false\" placeholder=\"Su Telef\u00f3no\" value=\"\" type=\"text\" name=\"your-subject\" \/><\/span><br \/>\n<span class=\"wpcf7-form-control-wrap\" data-name=\"empresa\"><input size=\"40\" class=\"wpcf7-form-control wpcf7-text form-control\" aria-invalid=\"false\" placeholder=\"Empresa\" value=\"\" type=\"text\" name=\"empresa\" \/><\/span>\n\t\t<\/p>\n\t<\/div>\n\t<div class=\"col-xs-12  col-lg-7\">\n\t\t<p><span class=\"wpcf7-form-control-wrap\" data-name=\"your-message\"><textarea cols=\"40\" rows=\"10\" class=\"wpcf7-form-control wpcf7-textarea form-control\" aria-invalid=\"false\" placeholder=\"Mensaje\" name=\"your-message\"><\/textarea><\/span>\n\t\t<\/p>\n\t\t<p><input class=\"wpcf7-form-control has-spinner wpcf7-submit btn btn-primary\" type=\"submit\" value=\"ENVIAR MENSAJE\" \/><br \/>\n\t\t\n\t\t<\/p>\n\t<\/div>\n<\/div><div class=\"wpcf7-response-output\" aria-hidden=\"true\"><\/div>\n<\/form>\n<\/div>\n\n","protected":false},"excerpt":{"rendered":"<p>Suministro y montaje de partes de instrumentaci\u00f3n y neum\u00e1tica. LO INVITAMOS A LLENAR EL FORMULARIO CON SU SOLICITUD Y ENVIARLO &nbsp;<\/p>\n","protected":false},"author":1,"featured_media":1823,"parent":0,"menu_order":0,"comment_status":"closed","ping_status":"closed","template":"","meta":{"footnotes":""},"class_list":["post-1821","page","type-page","status-publish","has-post-thumbnail","hentry"],"_links":{"self":[{"href":"https:\/\/envasadorasycentrifugas.com\/inicio\/wp-json\/wp\/v2\/pages\/1821","targetHints":{"allow":["GET"]}}],"collection":[{"href":"https:\/\/envasadorasycentrifugas.com\/inicio\/wp-json\/wp\/v2\/pages"}],"about":[{"href":"https:\/\/envasadorasycentrifugas.com\/inicio\/wp-json\/wp\/v2\/types\/page"}],"author":[{"embeddable":true,"href":"https:\/\/envasadorasycentrifugas.com\/inicio\/wp-json\/wp\/v2\/users\/1"}],"replies":[{"embeddable":true,"href":"https:\/\/envasadorasycentrifugas.com\/inicio\/wp-json\/wp\/v2\/comments?post=1821"}],"version-history":[{"count":5,"href":"https:\/\/envasadorasycentrifugas.com\/inicio\/wp-json\/wp\/v2\/pages\/1821\/revisions"}],"predecessor-version":[{"id":1837,"href":"https:\/\/envasadorasycentrifugas.com\/inicio\/wp-json\/wp\/v2\/pages\/1821\/revisions\/1837"}],"wp:featuredmedia":[{"embeddable":true,"href":"https:\/\/envasadorasycentrifugas.com\/inicio\/wp-json\/wp\/v2\/media\/1823"}],"wp:attachment":[{"href":"https:\/\/envasadorasycentrifugas.com\/inicio\/wp-json\/wp\/v2\/media?parent=1821"}],"curies":[{"name":"wp","href":"https:\/\/api.w.org\/{rel}","templated":true}]}}